{"id":743,"date":"2021-04-26T04:22:58","date_gmt":"2021-04-26T04:22:58","guid":{"rendered":"https:\/\/www.fxoptions.com\/?page_id=743"},"modified":"2022-02-24T00:08:47","modified_gmt":"2022-02-24T00:08:47","slug":"markt-devisenoptionen","status":"publish","type":"page","link":"https:\/\/www.fxoptions.com\/de\/markt-devisenoptionen\/","title":{"rendered":"Der Markt f\u00fcr Devisenoptionen"},"content":{"rendered":"\n<h2 class=\"wp-block-heading\" id=\"h-die-geschichte\">Die Geschichte<\/h2>\n\n\n\n<p><strong>Der Markt f\u00fcr Devisenoptionen <\/strong>startete vor einigen Jahrzehnten als reiner Over-the-counter Markt (OTC). Anfangs hatten nur Banken, Fonds und institutionelle Anleger Marktzugang.<\/p>\n\n\n\n<div style=\"position: relative; padding-top: 56.25%;\"><iframe src=\"https:\/\/iframe.mediadelivery.net\/embed\/17088\/9d83d8d8-2a6a-4dc5-82ea-7a65c2a2ce6a?autoplay=false\" loading=\"lazy\" style=\"border: none; position: absolute; top: 0; height: 100%; width: 100%;\" allow=\"accelerometer; gyroscope; autoplay; encrypted-media; picture-in-picture;\" allowfullscreen=\"true\"><\/iframe><\/div>\n\n\n\n<div style=\"height:20px\" aria-hidden=\"true\" class=\"wp-block-spacer\"><\/div>\n\n\n\n<p>In der Fr\u00fchphase bot der Handel mit diesen neuen Fx-Derivaten viele nie zuvor dagewesene Vorteile. So konnten gro\u00dfe Firmen und Banken ihre W\u00e4hrungsrisiken hedgen, indem sie Optionen kauften, die ihr Portfolio vor W\u00e4hrungsschwankungen sch\u00fctzten.<\/p>\n\n\n\n<p>Zu dieser Zeit dominierten insbesondere gro\u00dfe Banken den Handel mit Devisenoptionen. Daher galt der Markt f\u00fcr Fx Options weitgehend als reiner <a href=\"https:\/\/de.wikipedia.org\/wiki\/Interbankenhandel\" target=\"_blank\" rel=\"noopener noreferrer\">Interbankenmarkt<\/a>, und die meisten Trades wurden telefonisch abgewickelt. Dies \u00e4nderte sich erst zwei bis drei Jahrzehnte sp\u00e4ter und lag insbesondere am neuen Medium zum weltweiten Handel, dem Internet.<\/p>\n\n\n\n<h2 class=\"wp-block-heading\" id=\"h-der-markt-heute\">Der Markt heute<\/h2>\n\n\n\n<p>Heutzutage ist der Zugang zum Markt aufgrund des technologischen Fortschritts an weniger H\u00fcrden gekn\u00fcpft. Deswegen k\u00f6nnen auch private Investoren problemlos am Devisenoptionsmarkt handeln.<\/p>\n\n\n\n<p>Die Kunden an den weltweiten Devisenoptionsm\u00e4rkten sind <strong>institutionelle, aber auch private H\u00e4ndler<\/strong>. Dabei verfolgen die Marktteilnehmer unterschiedliche Ziele. Insbesondere zu nennen sind reine Spekulation zur Erzielung von Gewinnen sowie das Hedging von unterschiedlichen Devisen zur Risikoabsicherung.<\/p>\n\n\n\n<p>Aufgrund der Tatsache, dass der Handel mit Optionskontrakten vornehmend \u00fcber das Internet abgewickelt wird, kann jeder Trader <a href=\"https:\/\/fxoptions.com\/de\/\">Fx Options<\/a> sehr einfach erwerben. Eben aus diesem Grund erfreut sich dieses Forexderivat steigender Beliebtheit.<\/p>\n\n\n\n<h2 class=\"wp-block-heading\" id=\"h-grosse-des-marktes-fur-devisenoptionsgeschafte\">Gr\u00f6\u00dfe des Marktes f\u00fcr Devisenoptionsgesch\u00e4fte<\/h2>\n\n\n\n<p>Der Markt zum Handel mit Devisenoptionskontrakten ist <strong>der gr\u00f6\u00dfte Optionsmarkt der Welt<\/strong>. Dies gilt sowohl f\u00fcr die Markttiefe als auch f\u00fcr seine Liquidit\u00e4t. Die meisten Gesch\u00e4fte werden over-the-Counter (OTC) abgewickelt und sind reguliert. Es gibt allerdings auch spezielle B\u00f6rsen, die den direkten Handel erlauben und dabei Vertragspartner zusammenbringen, insbesondere die <a href=\"https:\/\/www.cmegroup.com\/\" target=\"_blank\" rel=\"noopener noreferrer\">Chicago Mercantile Exchange (CME)<\/a>.<\/p>\n\n\n\n<div class=\"wp-block-image\"><figure class=\"aligncenter\"><img loading=\"lazy\" decoding=\"async\" width=\"1024\" height=\"680\" src=\"https:\/\/fxoptions.com\/wp-content\/uploads\/2018\/11\/banker-phone-order-1024x680.jpg\" alt=\"Geschichte des Marktes f\u00fcr Devisenoptionen\" class=\"wp-image-324\" srcset=\"https:\/\/www.fxoptions.com\/wp-content\/uploads\/2018\/11\/banker-phone-order-1024x680.jpg 1024w, https:\/\/www.fxoptions.com\/wp-content\/uploads\/2018\/11\/banker-phone-order-300x199.jpg 300w, https:\/\/www.fxoptions.com\/wp-content\/uploads\/2018\/11\/banker-phone-order-768x510.jpg 768w, https:\/\/www.fxoptions.com\/wp-content\/uploads\/2018\/11\/banker-phone-order.jpg 2000w\" sizes=\"auto, (max-width: 1024px) 100vw, 1024px\" \/><\/figure><\/div>\n\n\n\n<h2 class=\"wp-block-heading\" id=\"h-der-otc-markt\">Der OTC-Markt<\/h2>\n\n\n\n<p>Die Produkte am OTC-Markt f\u00fcr Fx Options werden von Finanzunternehmen angeboten. Sie agieren als <strong>Market Makers<\/strong>, die ihre eigenen Kunden mit Optionskontrakten versorgen. In aller Regel erfolgen Trades dezentral \u00fcber <strong>elektronische Handelssysteme<\/strong>, seltener per Telefon. Die die Kontrakte auflegenden Institutionen sind meist Banken und Broker. Sie unterhalten zur Bereitstellung der Liquidit\u00e4t und zur Auflage der Fx-Derivate besondere Dealing Desks. Hauptkunden sind oft:<\/p>\n\n\n\n<ul class=\"wp-block-list\"><li>Firmen, die ihre W\u00e4hrungsrisiken absichern.<\/li><li>Hedgefunds, die spekulative Positionen er\u00f6ffnen.<\/li><\/ul>\n\n\n\n<p>Wichtig f\u00fcr die Vertrauensbildung unter den Kunden und den Erfolg dieser au\u00dferb\u00f6rslichen Handelspl\u00e4tze ist eine den Markterwartungen entsprechende <a href=\"https:\/\/fxoptions.com\/de\/implizite-volatilitaet\/\">Sch\u00e4tzung der impliziten Volatilit\u00e4t<\/a> anhand von Modellen. Nur so k\u00f6nnen <strong>effiziente Optionsangebote<\/strong> erstellt werden, die die Akzeptanz der Kunden erhalten.<\/p>\n\n\n\n<p>Sobald der Kunde einen aufgelegten Kontrakt erwirbt, findet der Deal zwischen Market Maker und K\u00e4ufer der Option nach den zuvor gemachten Vorgaben statt.<\/p>\n\n\n\n<h2 class=\"wp-block-heading\" id=\"h-borsen-und-brokerplattformen\">B\u00f6rsen und Brokerplattformen<\/h2>\n\n\n\n<p>Wenn Sie nicht an OTC-Handelspl\u00e4tzen aktiv sein m\u00f6chten, dann k\u00f6nnen Sie auch an besonderen B\u00f6rsenpl\u00e4tzen handeln, an sogenannten <strong>Devisenoptionsb\u00f6rsen<\/strong>. Dabei handelt es sich generell um zentralisierte Handelspl\u00e4tze, \u00fcber die alle Trades abgewickelt werden. Diese Optionsb\u00f6rsen erhalten ihre Liquidit\u00e4t dadurch, dass sie jeweils zwei Marktteilnehmer zusammenbringen. Wir erinnern uns dass jedes Optionsgesch\u00e4ft einen K\u00e4ufer und ein Verk\u00e4ufer ben\u00f6tigt.<\/p>\n\n\n\n<p>Eine bekannte B\u00f6rse, die den Handel mit W\u00e4hrungsoptionen erlaubt, ist die <a href=\"https:\/\/www.nasdaq.com\/solutions\/nasdaq-phlx\">Philadelphia Stock Exchange<\/a>. Diese bietet standartisierte Forexoptionskontrakte mit viertelj\u00e4hrlichem Verfallsdatum an.<\/p>\n\n\n\n<p>Zus\u00e4tzlich gibt es mehr und mehr <strong>Onlineforexbroker<\/strong>, die ihre eigenen Produkte anbieten. Einige von ihnen bieten klassische Fx Options an Privatkunden an. Andere Broker bieten ebenfalls exotische Optionstypen an.<\/p>\n","protected":false},"excerpt":{"rendered":"<p>Die Geschichte Der Markt f\u00fcr Devisenoptionen startete vor einigen Jahrzehnten als reiner Over-the-counter Markt (OTC). Anfangs hatten nur Banken, Fonds und institutionelle Anleger Marktzugang. In der Fr\u00fchphase bot der Handel mit diesen neuen Fx-Derivaten viele nie zuvor dagewesene Vorteile. So konnten gro\u00dfe Firmen und Banken ihre W\u00e4hrungsrisiken hedgen, indem sie Optionen kauften, die ihr Portfolio &hellip;<\/p>\n","protected":false},"author":1,"featured_media":0,"parent":0,"menu_order":0,"comment_status":"closed","ping_status":"closed","template":"","meta":{"footnotes":""},"class_list":["post-743","page","type-page","status-publish","hentry"],"yoast_head":"<!-- This site is optimized with the Yoast SEO plugin v27.4 - https:\/\/yoast.com\/product\/yoast-seo-wordpress\/ -->\n<title>Der Markt f\u00fcr Devisenoptionen - FxOptions.com<\/title>\n<meta name=\"description\" content=\"Der Markt f\u00fcr Devisenoptionen besteht aus Banken, Brokern und B\u00f6rsen. Dabei findet der Handel entweder dezentral statt oder \u00fcber zentrale Fx-Handelspl\u00e4tze.\" \/>\n<meta name=\"robots\" content=\"index, follow, max-snippet:-1, max-image-preview:large, max-video-preview:-1\" \/>\n<link rel=\"canonical\" href=\"https:\/\/www.fxoptions.com\/de\/markt-devisenoptionen\/\" \/>\n<meta property=\"og:locale\" content=\"de_DE\" \/>\n<meta property=\"og:type\" content=\"article\" \/>\n<meta property=\"og:title\" content=\"Der Markt f\u00fcr Devisenoptionen - FxOptions.com\" \/>\n<meta property=\"og:description\" content=\"Der Markt f\u00fcr Devisenoptionen besteht aus Banken, Brokern und B\u00f6rsen. Dabei findet der Handel entweder dezentral statt oder \u00fcber zentrale Fx-Handelspl\u00e4tze.\" \/>\n<meta property=\"og:url\" content=\"https:\/\/www.fxoptions.com\/de\/markt-devisenoptionen\/\" \/>\n<meta property=\"og:site_name\" content=\"FxOptions.com\" \/>\n<meta property=\"article:publisher\" content=\"https:\/\/www.facebook.com\/FxOptionscom-376549599745563\/\" \/>\n<meta property=\"article:modified_time\" content=\"2022-02-24T00:08:47+00:00\" \/>\n<meta property=\"og:image\" content=\"https:\/\/fxoptions.com\/wp-content\/uploads\/2018\/11\/banker-phone-order-1024x680.jpg\" \/>\n<meta name=\"twitter:card\" content=\"summary_large_image\" \/>\n<meta name=\"twitter:site\" content=\"@FxoptionsC\" \/>\n<meta name=\"twitter:label1\" content=\"Gesch\u00e4tzte Lesezeit\" \/>\n\t<meta name=\"twitter:data1\" content=\"3\u00a0Minuten\" \/>\n<script type=\"application\/ld+json\" class=\"yoast-schema-graph\">{\"@context\":\"https:\\\/\\\/schema.org\",\"@graph\":[{\"@type\":\"WebPage\",\"@id\":\"https:\\\/\\\/www.fxoptions.com\\\/de\\\/markt-devisenoptionen\\\/\",\"url\":\"https:\\\/\\\/www.fxoptions.com\\\/de\\\/markt-devisenoptionen\\\/\",\"name\":\"Der Markt f\u00fcr Devisenoptionen - FxOptions.com\",\"isPartOf\":{\"@id\":\"https:\\\/\\\/www.fxoptions.com\\\/de\\\/#website\"},\"primaryImageOfPage\":{\"@id\":\"https:\\\/\\\/www.fxoptions.com\\\/de\\\/markt-devisenoptionen\\\/#primaryimage\"},\"image\":{\"@id\":\"https:\\\/\\\/www.fxoptions.com\\\/de\\\/markt-devisenoptionen\\\/#primaryimage\"},\"thumbnailUrl\":\"https:\\\/\\\/fxoptions.com\\\/wp-content\\\/uploads\\\/2018\\\/11\\\/banker-phone-order-1024x680.jpg\",\"datePublished\":\"2021-04-26T04:22:58+00:00\",\"dateModified\":\"2022-02-24T00:08:47+00:00\",\"description\":\"Der Markt f\u00fcr Devisenoptionen besteht aus Banken, Brokern und B\u00f6rsen. Dabei findet der Handel entweder dezentral statt oder \u00fcber zentrale Fx-Handelspl\u00e4tze.\",\"breadcrumb\":{\"@id\":\"https:\\\/\\\/www.fxoptions.com\\\/de\\\/markt-devisenoptionen\\\/#breadcrumb\"},\"inLanguage\":\"de\",\"potentialAction\":[{\"@type\":\"ReadAction\",\"target\":[\"https:\\\/\\\/www.fxoptions.com\\\/de\\\/markt-devisenoptionen\\\/\"]}]},{\"@type\":\"ImageObject\",\"inLanguage\":\"de\",\"@id\":\"https:\\\/\\\/www.fxoptions.com\\\/de\\\/markt-devisenoptionen\\\/#primaryimage\",\"url\":\"https:\\\/\\\/fxoptions.com\\\/wp-content\\\/uploads\\\/2018\\\/11\\\/banker-phone-order-1024x680.jpg\",\"contentUrl\":\"https:\\\/\\\/fxoptions.com\\\/wp-content\\\/uploads\\\/2018\\\/11\\\/banker-phone-order-1024x680.jpg\"},{\"@type\":\"BreadcrumbList\",\"@id\":\"https:\\\/\\\/www.fxoptions.com\\\/de\\\/markt-devisenoptionen\\\/#breadcrumb\",\"itemListElement\":[{\"@type\":\"ListItem\",\"position\":1,\"name\":\"Home\",\"item\":\"https:\\\/\\\/www.fxoptions.com\\\/de\\\/\"},{\"@type\":\"ListItem\",\"position\":2,\"name\":\"Der Markt f\u00fcr Devisenoptionen\"}]},{\"@type\":\"WebSite\",\"@id\":\"https:\\\/\\\/www.fxoptions.com\\\/de\\\/#website\",\"url\":\"https:\\\/\\\/www.fxoptions.com\\\/de\\\/\",\"name\":\"FxOptions.com\",\"description\":\"Options Trading Explained: News, Concepts, Strategies\",\"publisher\":{\"@id\":\"https:\\\/\\\/www.fxoptions.com\\\/de\\\/#organization\"},\"potentialAction\":[{\"@type\":\"SearchAction\",\"target\":{\"@type\":\"EntryPoint\",\"urlTemplate\":\"https:\\\/\\\/www.fxoptions.com\\\/de\\\/?s={search_term_string}\"},\"query-input\":{\"@type\":\"PropertyValueSpecification\",\"valueRequired\":true,\"valueName\":\"search_term_string\"}}],\"inLanguage\":\"de\"},{\"@type\":\"Organization\",\"@id\":\"https:\\\/\\\/www.fxoptions.com\\\/de\\\/#organization\",\"name\":\"Fx Options\",\"url\":\"https:\\\/\\\/www.fxoptions.com\\\/de\\\/\",\"logo\":{\"@type\":\"ImageObject\",\"inLanguage\":\"de\",\"@id\":\"https:\\\/\\\/www.fxoptions.com\\\/de\\\/#\\\/schema\\\/logo\\\/image\\\/\",\"url\":\"https:\\\/\\\/fxoptions.com\\\/wp-content\\\/uploads\\\/2018\\\/10\\\/logo.png\",\"contentUrl\":\"https:\\\/\\\/fxoptions.com\\\/wp-content\\\/uploads\\\/2018\\\/10\\\/logo.png\",\"width\":300,\"height\":65,\"caption\":\"Fx Options\"},\"image\":{\"@id\":\"https:\\\/\\\/www.fxoptions.com\\\/de\\\/#\\\/schema\\\/logo\\\/image\\\/\"},\"sameAs\":[\"https:\\\/\\\/www.facebook.com\\\/FxOptionscom-376549599745563\\\/\",\"https:\\\/\\\/x.com\\\/FxoptionsC\"]}]}<\/script>\n<!-- \/ Yoast SEO plugin. -->","yoast_head_json":{"title":"Der Markt f\u00fcr Devisenoptionen - FxOptions.com","description":"Der Markt f\u00fcr Devisenoptionen besteht aus Banken, Brokern und B\u00f6rsen. Dabei findet der Handel entweder dezentral statt oder \u00fcber zentrale Fx-Handelspl\u00e4tze.","robots":{"index":"index","follow":"follow","max-snippet":"max-snippet:-1","max-image-preview":"max-image-preview:large","max-video-preview":"max-video-preview:-1"},"canonical":"https:\/\/www.fxoptions.com\/de\/markt-devisenoptionen\/","og_locale":"de_DE","og_type":"article","og_title":"Der Markt f\u00fcr Devisenoptionen - FxOptions.com","og_description":"Der Markt f\u00fcr Devisenoptionen besteht aus Banken, Brokern und B\u00f6rsen. Dabei findet der Handel entweder dezentral statt oder \u00fcber zentrale Fx-Handelspl\u00e4tze.","og_url":"https:\/\/www.fxoptions.com\/de\/markt-devisenoptionen\/","og_site_name":"FxOptions.com","article_publisher":"https:\/\/www.facebook.com\/FxOptionscom-376549599745563\/","article_modified_time":"2022-02-24T00:08:47+00:00","og_image":[{"url":"https:\/\/fxoptions.com\/wp-content\/uploads\/2018\/11\/banker-phone-order-1024x680.jpg","type":"","width":"","height":""}],"twitter_card":"summary_large_image","twitter_site":"@FxoptionsC","twitter_misc":{"Gesch\u00e4tzte Lesezeit":"3\u00a0Minuten"},"schema":{"@context":"https:\/\/schema.org","@graph":[{"@type":"WebPage","@id":"https:\/\/www.fxoptions.com\/de\/markt-devisenoptionen\/","url":"https:\/\/www.fxoptions.com\/de\/markt-devisenoptionen\/","name":"Der Markt f\u00fcr Devisenoptionen - FxOptions.com","isPartOf":{"@id":"https:\/\/www.fxoptions.com\/de\/#website"},"primaryImageOfPage":{"@id":"https:\/\/www.fxoptions.com\/de\/markt-devisenoptionen\/#primaryimage"},"image":{"@id":"https:\/\/www.fxoptions.com\/de\/markt-devisenoptionen\/#primaryimage"},"thumbnailUrl":"https:\/\/fxoptions.com\/wp-content\/uploads\/2018\/11\/banker-phone-order-1024x680.jpg","datePublished":"2021-04-26T04:22:58+00:00","dateModified":"2022-02-24T00:08:47+00:00","description":"Der Markt f\u00fcr Devisenoptionen besteht aus Banken, Brokern und B\u00f6rsen. Dabei findet der Handel entweder dezentral statt oder \u00fcber zentrale Fx-Handelspl\u00e4tze.","breadcrumb":{"@id":"https:\/\/www.fxoptions.com\/de\/markt-devisenoptionen\/#breadcrumb"},"inLanguage":"de","potentialAction":[{"@type":"ReadAction","target":["https:\/\/www.fxoptions.com\/de\/markt-devisenoptionen\/"]}]},{"@type":"ImageObject","inLanguage":"de","@id":"https:\/\/www.fxoptions.com\/de\/markt-devisenoptionen\/#primaryimage","url":"https:\/\/fxoptions.com\/wp-content\/uploads\/2018\/11\/banker-phone-order-1024x680.jpg","contentUrl":"https:\/\/fxoptions.com\/wp-content\/uploads\/2018\/11\/banker-phone-order-1024x680.jpg"},{"@type":"BreadcrumbList","@id":"https:\/\/www.fxoptions.com\/de\/markt-devisenoptionen\/#breadcrumb","itemListElement":[{"@type":"ListItem","position":1,"name":"Home","item":"https:\/\/www.fxoptions.com\/de\/"},{"@type":"ListItem","position":2,"name":"Der Markt f\u00fcr Devisenoptionen"}]},{"@type":"WebSite","@id":"https:\/\/www.fxoptions.com\/de\/#website","url":"https:\/\/www.fxoptions.com\/de\/","name":"FxOptions.com","description":"Options Trading Explained: News, Concepts, Strategies","publisher":{"@id":"https:\/\/www.fxoptions.com\/de\/#organization"},"potentialAction":[{"@type":"SearchAction","target":{"@type":"EntryPoint","urlTemplate":"https:\/\/www.fxoptions.com\/de\/?s={search_term_string}"},"query-input":{"@type":"PropertyValueSpecification","valueRequired":true,"valueName":"search_term_string"}}],"inLanguage":"de"},{"@type":"Organization","@id":"https:\/\/www.fxoptions.com\/de\/#organization","name":"Fx Options","url":"https:\/\/www.fxoptions.com\/de\/","logo":{"@type":"ImageObject","inLanguage":"de","@id":"https:\/\/www.fxoptions.com\/de\/#\/schema\/logo\/image\/","url":"https:\/\/fxoptions.com\/wp-content\/uploads\/2018\/10\/logo.png","contentUrl":"https:\/\/fxoptions.com\/wp-content\/uploads\/2018\/10\/logo.png","width":300,"height":65,"caption":"Fx Options"},"image":{"@id":"https:\/\/www.fxoptions.com\/de\/#\/schema\/logo\/image\/"},"sameAs":["https:\/\/www.facebook.com\/FxOptionscom-376549599745563\/","https:\/\/x.com\/FxoptionsC"]}]}},"_links":{"self":[{"href":"https:\/\/www.fxoptions.com\/de\/wp-json\/wp\/v2\/pages\/743","targetHints":{"allow":["GET"]}}],"collection":[{"href":"https:\/\/www.fxoptions.com\/de\/wp-json\/wp\/v2\/pages"}],"about":[{"href":"https:\/\/www.fxoptions.com\/de\/wp-json\/wp\/v2\/types\/page"}],"author":[{"embeddable":true,"href":"https:\/\/www.fxoptions.com\/de\/wp-json\/wp\/v2\/users\/1"}],"replies":[{"embeddable":true,"href":"https:\/\/www.fxoptions.com\/de\/wp-json\/wp\/v2\/comments?post=743"}],"version-history":[{"count":0,"href":"https:\/\/www.fxoptions.com\/de\/wp-json\/wp\/v2\/pages\/743\/revisions"}],"wp:attachment":[{"href":"https:\/\/www.fxoptions.com\/de\/wp-json\/wp\/v2\/media?parent=743"}],"curies":[{"name":"wp","href":"https:\/\/api.w.org\/{rel}","templated":true}]}}