{"id":720,"date":"2021-04-21T20:54:35","date_gmt":"2021-04-21T20:54:35","guid":{"rendered":"https:\/\/www.fxoptions.com\/?page_id=720"},"modified":"2021-11-14T09:32:38","modified_gmt":"2021-11-14T09:32:38","slug":"innerer-wert","status":"publish","type":"page","link":"https:\/\/www.fxoptions.com\/de\/innerer-wert\/","title":{"rendered":"Innerer Wert"},"content":{"rendered":"\n<p>In diesem Artikel lernst du alles \u00fcber den <strong>inneren Wert von Optionen<\/strong>.<\/p>\n\n\n\n<h2 class=\"wp-block-heading\" id=\"h-was-ist-der-innere-wert\">Was ist der innere Wert?<\/h2>\n\n\n\n<p>In diesem Artikel soll es aber speziell darum gehen, welchen inneren Wert Optionen besitzen.<\/p>\n\n\n\n<p>Der innere Wert ist eine grundlegende Bezeichnung in den unterschiedlichsten Fachgebieten, egal ob es sich um Philosophie oder Finanzen handelt. Als eine sehr allgemeine Formulierung kann man sagen, dass es sich dabei um den Wert handelt, den eine Sache &#8222;in sich&#8220; hat. H\u00e4ufig wird auch <a href=\"https:\/\/fxoptions.com\/de\/innerer-wert\/\" target=\"_blank\" rel=\"noopener noreferrer\">der Begriff &#8222;intrinsisch&#8220;<\/a> verwendet, der aus dem Lateinischen stammt und mit &#8222;einer Sache innewohnend&#8220; \u00fcbersetzt werden kann.<\/p>\n\n\n\n<div style=\"position: relative; padding-top: 56.25%;\"><iframe src=\"https:\/\/iframe.mediadelivery.net\/embed\/17088\/219cc5b0-3927-4b21-9fec-c5e385ee9077?autoplay=false\" loading=\"lazy\" style=\"border: none; position: absolute; top: 0; height: 100%; width: 100%;\" allow=\"accelerometer; gyroscope; autoplay; encrypted-media; picture-in-picture;\" allowfullscreen=\"true\"><\/iframe><\/div>\n\n\n\n<h2 class=\"wp-block-heading\" id=\"h-der-innere-wert-einer-option\">Der innere Wert einer Option<\/h2>\n\n\n\n<p>Der innere Wert einer Option ist der Teil des Optionspreises, der darauf basiert, dass die Option sich im Geld befindet.<\/p>\n\n\n\n<p>Anders ausgedr\u00fcckt: Es handelt sich um den Teil des momentanen Wertes einer Option, den wir nicht verlieren k\u00f6nnen aufgrund zeitlicher Verluste, sofern der Basiswert sich nicht \u00e4ndern sollte.<\/p>\n\n\n\n<p>Der Grund ist plausibel: Wenn die Option endet, dann liegt ihr Zeitwert bei 0. Somit besteht die Option zum Zeitpunkt ihres Verfalls nur noch aus innerem Wert.<\/p>\n\n\n\n<div class=\"wp-block-image\"><figure class=\"aligncenter\"><img loading=\"lazy\" decoding=\"async\" width=\"1024\" height=\"576\" src=\"https:\/\/fxoptions.com\/wp-content\/uploads\/2018\/12\/intrinsic-value-1024x576.jpg\" alt=\"Innerer Wert von Optionen\" class=\"wp-image-450\" srcset=\"https:\/\/www.fxoptions.com\/wp-content\/uploads\/2018\/12\/intrinsic-value-1024x576.jpg 1024w, https:\/\/www.fxoptions.com\/wp-content\/uploads\/2018\/12\/intrinsic-value-300x169.jpg 300w, https:\/\/www.fxoptions.com\/wp-content\/uploads\/2018\/12\/intrinsic-value-768x432.jpg 768w, https:\/\/www.fxoptions.com\/wp-content\/uploads\/2018\/12\/intrinsic-value.jpg 2000w\" sizes=\"auto, (max-width: 1024px) 100vw, 1024px\" \/><\/figure><\/div>\n\n\n\n<p>Der innere Wert ist somit die Differenz aus dem Preis der Option, bereinigt um ihren <a href=\"https:\/\/fxoptions.com\/de\/zeitwert\/\">Zeitwert<\/a> und multipliziert mit dem Bezugsverh\u00e4ltnis. Schlie\u00dflich wird der Zeitwert am Ende der Lebenszeit der Option immer aufh\u00f6ren zu existieren.<\/p>\n\n\n\n<h2 class=\"wp-block-heading\" id=\"h-innerer-wert-von-call-und-put-optionen\">Innerer Wert von Call- und Put-Optionen<\/h2>\n\n\n\n<p>Eine <a href=\"https:\/\/fxoptions.com\/de\/\">Devisenoption<\/a> hat inneren Wert wenn sie im Geld liegt.<\/p>\n\n\n\n<p>Wir erinnern uns dass wir bei Call-Optionen auf steigende Kurse spekulieren. Somit hat eine Call-Option inneren Wert, wenn der aktuelle Kurs des Basiswerts \u00fcber dem Strike liegt.<\/p>\n\n\n\n<p>Bei Put-Optionen hoffen wir dagegen auf fallende Kurs. Daraus folgt, dass eine Put-Option dann inneren Wert beinhaltet, wenn der aktuelle Kurs unter dem Strike liegt.<\/p>\n\n\n\n<h2 class=\"wp-block-heading\" id=\"h-berechnung-des-inneren-wertes\">Berechnung des inneren Wertes<\/h2>\n\n\n\n<h3 class=\"wp-block-heading\" id=\"h-formel\">Formel<\/h3>\n\n\n\n<ul class=\"wp-block-list\"><li>Der innere Wert einer Call-Option ist die Differenz aus zugrundeliegendem Spot-Preis und Strike-Preis, multipliziert mit dem Bezugsverh\u00e4ltnis.<\/li><li>Der innere Wert einer Put-Option ist die Differenz aus Strike-Preis und zugrundeliegendem Spot-Preis, multipliziert mit dem Bezugsverh\u00e4ltnis.<\/li><\/ul>\n\n\n\n<p>Der innere Wert kann nicht kleiner als 0 werden.<\/p>\n\n\n\n<h3 class=\"wp-block-heading\" id=\"h-rechner\">Rechner<\/h3>\n\n\n\n<p>Du kannst alle wichtigen Parameter deiner Fx Option mit den folgenden kostenlosen Tools berechnen:<\/p>\n\n\n\n<p><a href=\"http:\/\/www.unit-conversion.info\/othertools\/fx-currency-options-calculator\/\" target=\"_blank\" rel=\"noopener noreferrer\">Ein Online-Rechner<\/a> von unit-conversion.info<br><a href=\"http:\/\/investexcel.net\/pricing-foreign-exchange-options\/\" target=\"_blank\" rel=\"noopener noreferrer\">Ein Excel-Spreadsheet-Rechner<\/a> von investexcel.net<\/p>\n\n\n\n<h3 class=\"wp-block-heading\" id=\"h-ein-beispiel\">Ein Beispiel<\/h3>\n\n\n\n<p>Lasst uns das Ganze an einem einfachen Beispiel verdeutlichen. Wenn der EUR\/USD bei 1.25 liegt, dann hat unsere Fx-Call-Option genau dann einen inneren Wert, wenn der Aus\u00fcbungspreis unter 1.25 liegt. Sollte der Strike also bei 1.23 festgelegt sein, dann hat der Kontrakt einen inneren Wert von 0.02 x Bezugsverh\u00e4ltnis.<\/p>\n\n\n\n<p>Einfacher als erwartet, was? Manchmal sind finanzielle Konzepte direkter und plausibler als es zun\u00e4chst erscheint. Nach dem Lesen dieses Textes wissen wir nun alle wesentlichen Grundlagen \u00fcber eine der wichtigsten Komponenten des Optionshandels &#8211; dem inneren Wert.<\/p>\n\n\n\n<p>Die zweite wichtige Komponente, der Zeitwert, ist wesentlich schwieriger zu berechnen und wird in einem anderen Artikel beleuchtet.<\/p>\n","protected":false},"excerpt":{"rendered":"<p>In diesem Artikel lernst du alles \u00fcber den inneren Wert von Optionen. Was ist der innere Wert? In diesem Artikel soll es aber speziell darum gehen, welchen inneren Wert Optionen besitzen. Der innere Wert ist eine grundlegende Bezeichnung in den unterschiedlichsten Fachgebieten, egal ob es sich um Philosophie oder Finanzen handelt. Als eine sehr allgemeine &hellip;<\/p>\n","protected":false},"author":1,"featured_media":0,"parent":0,"menu_order":0,"comment_status":"closed","ping_status":"closed","template":"","meta":{"footnotes":""},"class_list":["post-720","page","type-page","status-publish","hentry"],"yoast_head":"<!-- This site is optimized with the Yoast SEO plugin v27.6 - https:\/\/yoast.com\/product\/yoast-seo-wordpress\/ -->\n<title>Der innere Wert von Optionen - FxOptions.com<\/title>\n<meta name=\"description\" content=\"Der innere Wert einer Option ist die Differenz zwischen dem Kurs des Basiswerts und dem Aus\u00fcbungspreis, multipliziert mit dem Bezugsverh\u00e4ltnis.\" \/>\n<meta name=\"robots\" content=\"index, follow, max-snippet:-1, max-image-preview:large, max-video-preview:-1\" \/>\n<link rel=\"canonical\" href=\"https:\/\/www.fxoptions.com\/de\/innerer-wert\/\" \/>\n<meta property=\"og:locale\" content=\"de_DE\" \/>\n<meta property=\"og:type\" content=\"article\" \/>\n<meta property=\"og:title\" content=\"Der innere Wert von Optionen - FxOptions.com\" \/>\n<meta property=\"og:description\" content=\"Der innere Wert einer Option ist die Differenz zwischen dem Kurs des Basiswerts und dem Aus\u00fcbungspreis, multipliziert mit dem Bezugsverh\u00e4ltnis.\" \/>\n<meta property=\"og:url\" content=\"https:\/\/www.fxoptions.com\/de\/innerer-wert\/\" \/>\n<meta property=\"og:site_name\" content=\"FxOptions.com\" \/>\n<meta property=\"article:publisher\" content=\"https:\/\/www.facebook.com\/FxOptionscom-376549599745563\/\" \/>\n<meta property=\"article:modified_time\" content=\"2021-11-14T09:32:38+00:00\" \/>\n<meta property=\"og:image\" content=\"https:\/\/fxoptions.com\/wp-content\/uploads\/2018\/12\/intrinsic-value-1024x576.jpg\" \/>\n<meta name=\"twitter:card\" content=\"summary_large_image\" \/>\n<meta name=\"twitter:site\" content=\"@FxoptionsC\" \/>\n<meta name=\"twitter:label1\" content=\"Gesch\u00e4tzte Lesezeit\" \/>\n\t<meta name=\"twitter:data1\" content=\"3\u00a0Minuten\" \/>\n<script type=\"application\/ld+json\" class=\"yoast-schema-graph\">{\"@context\":\"https:\\\/\\\/schema.org\",\"@graph\":[{\"@type\":\"WebPage\",\"@id\":\"https:\\\/\\\/www.fxoptions.com\\\/de\\\/innerer-wert\\\/\",\"url\":\"https:\\\/\\\/www.fxoptions.com\\\/de\\\/innerer-wert\\\/\",\"name\":\"Der innere Wert von Optionen - FxOptions.com\",\"isPartOf\":{\"@id\":\"https:\\\/\\\/www.fxoptions.com\\\/de\\\/#website\"},\"primaryImageOfPage\":{\"@id\":\"https:\\\/\\\/www.fxoptions.com\\\/de\\\/innerer-wert\\\/#primaryimage\"},\"image\":{\"@id\":\"https:\\\/\\\/www.fxoptions.com\\\/de\\\/innerer-wert\\\/#primaryimage\"},\"thumbnailUrl\":\"https:\\\/\\\/fxoptions.com\\\/wp-content\\\/uploads\\\/2018\\\/12\\\/intrinsic-value-1024x576.jpg\",\"datePublished\":\"2021-04-21T20:54:35+00:00\",\"dateModified\":\"2021-11-14T09:32:38+00:00\",\"description\":\"Der innere Wert einer Option ist die Differenz zwischen dem Kurs des Basiswerts und dem Aus\u00fcbungspreis, multipliziert mit dem Bezugsverh\u00e4ltnis.\",\"breadcrumb\":{\"@id\":\"https:\\\/\\\/www.fxoptions.com\\\/de\\\/innerer-wert\\\/#breadcrumb\"},\"inLanguage\":\"de\",\"potentialAction\":[{\"@type\":\"ReadAction\",\"target\":[\"https:\\\/\\\/www.fxoptions.com\\\/de\\\/innerer-wert\\\/\"]}]},{\"@type\":\"ImageObject\",\"inLanguage\":\"de\",\"@id\":\"https:\\\/\\\/www.fxoptions.com\\\/de\\\/innerer-wert\\\/#primaryimage\",\"url\":\"https:\\\/\\\/fxoptions.com\\\/wp-content\\\/uploads\\\/2018\\\/12\\\/intrinsic-value-1024x576.jpg\",\"contentUrl\":\"https:\\\/\\\/fxoptions.com\\\/wp-content\\\/uploads\\\/2018\\\/12\\\/intrinsic-value-1024x576.jpg\"},{\"@type\":\"BreadcrumbList\",\"@id\":\"https:\\\/\\\/www.fxoptions.com\\\/de\\\/innerer-wert\\\/#breadcrumb\",\"itemListElement\":[{\"@type\":\"ListItem\",\"position\":1,\"name\":\"Home\",\"item\":\"https:\\\/\\\/www.fxoptions.com\\\/de\\\/\"},{\"@type\":\"ListItem\",\"position\":2,\"name\":\"Innerer Wert\"}]},{\"@type\":\"WebSite\",\"@id\":\"https:\\\/\\\/www.fxoptions.com\\\/de\\\/#website\",\"url\":\"https:\\\/\\\/www.fxoptions.com\\\/de\\\/\",\"name\":\"FxOptions.com\",\"description\":\"Options Trading Explained: News, Concepts, Strategies\",\"publisher\":{\"@id\":\"https:\\\/\\\/www.fxoptions.com\\\/de\\\/#organization\"},\"potentialAction\":[{\"@type\":\"SearchAction\",\"target\":{\"@type\":\"EntryPoint\",\"urlTemplate\":\"https:\\\/\\\/www.fxoptions.com\\\/de\\\/?s={search_term_string}\"},\"query-input\":{\"@type\":\"PropertyValueSpecification\",\"valueRequired\":true,\"valueName\":\"search_term_string\"}}],\"inLanguage\":\"de\"},{\"@type\":\"Organization\",\"@id\":\"https:\\\/\\\/www.fxoptions.com\\\/de\\\/#organization\",\"name\":\"Fx Options\",\"url\":\"https:\\\/\\\/www.fxoptions.com\\\/de\\\/\",\"logo\":{\"@type\":\"ImageObject\",\"inLanguage\":\"de\",\"@id\":\"https:\\\/\\\/www.fxoptions.com\\\/de\\\/#\\\/schema\\\/logo\\\/image\\\/\",\"url\":\"https:\\\/\\\/fxoptions.com\\\/wp-content\\\/uploads\\\/2018\\\/10\\\/logo.png\",\"contentUrl\":\"https:\\\/\\\/fxoptions.com\\\/wp-content\\\/uploads\\\/2018\\\/10\\\/logo.png\",\"width\":300,\"height\":65,\"caption\":\"Fx Options\"},\"image\":{\"@id\":\"https:\\\/\\\/www.fxoptions.com\\\/de\\\/#\\\/schema\\\/logo\\\/image\\\/\"},\"sameAs\":[\"https:\\\/\\\/www.facebook.com\\\/FxOptionscom-376549599745563\\\/\",\"https:\\\/\\\/x.com\\\/FxoptionsC\"]}]}<\/script>\n<!-- \/ Yoast SEO plugin. -->","yoast_head_json":{"title":"Der innere Wert von Optionen - FxOptions.com","description":"Der innere Wert einer Option ist die Differenz zwischen dem Kurs des Basiswerts und dem Aus\u00fcbungspreis, multipliziert mit dem Bezugsverh\u00e4ltnis.","robots":{"index":"index","follow":"follow","max-snippet":"max-snippet:-1","max-image-preview":"max-image-preview:large","max-video-preview":"max-video-preview:-1"},"canonical":"https:\/\/www.fxoptions.com\/de\/innerer-wert\/","og_locale":"de_DE","og_type":"article","og_title":"Der innere Wert von Optionen - FxOptions.com","og_description":"Der innere Wert einer Option ist die Differenz zwischen dem Kurs des Basiswerts und dem Aus\u00fcbungspreis, multipliziert mit dem Bezugsverh\u00e4ltnis.","og_url":"https:\/\/www.fxoptions.com\/de\/innerer-wert\/","og_site_name":"FxOptions.com","article_publisher":"https:\/\/www.facebook.com\/FxOptionscom-376549599745563\/","article_modified_time":"2021-11-14T09:32:38+00:00","og_image":[{"url":"https:\/\/fxoptions.com\/wp-content\/uploads\/2018\/12\/intrinsic-value-1024x576.jpg","type":"","width":"","height":""}],"twitter_card":"summary_large_image","twitter_site":"@FxoptionsC","twitter_misc":{"Gesch\u00e4tzte Lesezeit":"3\u00a0Minuten"},"schema":{"@context":"https:\/\/schema.org","@graph":[{"@type":"WebPage","@id":"https:\/\/www.fxoptions.com\/de\/innerer-wert\/","url":"https:\/\/www.fxoptions.com\/de\/innerer-wert\/","name":"Der innere Wert von Optionen - FxOptions.com","isPartOf":{"@id":"https:\/\/www.fxoptions.com\/de\/#website"},"primaryImageOfPage":{"@id":"https:\/\/www.fxoptions.com\/de\/innerer-wert\/#primaryimage"},"image":{"@id":"https:\/\/www.fxoptions.com\/de\/innerer-wert\/#primaryimage"},"thumbnailUrl":"https:\/\/fxoptions.com\/wp-content\/uploads\/2018\/12\/intrinsic-value-1024x576.jpg","datePublished":"2021-04-21T20:54:35+00:00","dateModified":"2021-11-14T09:32:38+00:00","description":"Der innere Wert einer Option ist die Differenz zwischen dem Kurs des Basiswerts und dem Aus\u00fcbungspreis, multipliziert mit dem Bezugsverh\u00e4ltnis.","breadcrumb":{"@id":"https:\/\/www.fxoptions.com\/de\/innerer-wert\/#breadcrumb"},"inLanguage":"de","potentialAction":[{"@type":"ReadAction","target":["https:\/\/www.fxoptions.com\/de\/innerer-wert\/"]}]},{"@type":"ImageObject","inLanguage":"de","@id":"https:\/\/www.fxoptions.com\/de\/innerer-wert\/#primaryimage","url":"https:\/\/fxoptions.com\/wp-content\/uploads\/2018\/12\/intrinsic-value-1024x576.jpg","contentUrl":"https:\/\/fxoptions.com\/wp-content\/uploads\/2018\/12\/intrinsic-value-1024x576.jpg"},{"@type":"BreadcrumbList","@id":"https:\/\/www.fxoptions.com\/de\/innerer-wert\/#breadcrumb","itemListElement":[{"@type":"ListItem","position":1,"name":"Home","item":"https:\/\/www.fxoptions.com\/de\/"},{"@type":"ListItem","position":2,"name":"Innerer Wert"}]},{"@type":"WebSite","@id":"https:\/\/www.fxoptions.com\/de\/#website","url":"https:\/\/www.fxoptions.com\/de\/","name":"FxOptions.com","description":"Options Trading Explained: News, Concepts, Strategies","publisher":{"@id":"https:\/\/www.fxoptions.com\/de\/#organization"},"potentialAction":[{"@type":"SearchAction","target":{"@type":"EntryPoint","urlTemplate":"https:\/\/www.fxoptions.com\/de\/?s={search_term_string}"},"query-input":{"@type":"PropertyValueSpecification","valueRequired":true,"valueName":"search_term_string"}}],"inLanguage":"de"},{"@type":"Organization","@id":"https:\/\/www.fxoptions.com\/de\/#organization","name":"Fx Options","url":"https:\/\/www.fxoptions.com\/de\/","logo":{"@type":"ImageObject","inLanguage":"de","@id":"https:\/\/www.fxoptions.com\/de\/#\/schema\/logo\/image\/","url":"https:\/\/fxoptions.com\/wp-content\/uploads\/2018\/10\/logo.png","contentUrl":"https:\/\/fxoptions.com\/wp-content\/uploads\/2018\/10\/logo.png","width":300,"height":65,"caption":"Fx Options"},"image":{"@id":"https:\/\/www.fxoptions.com\/de\/#\/schema\/logo\/image\/"},"sameAs":["https:\/\/www.facebook.com\/FxOptionscom-376549599745563\/","https:\/\/x.com\/FxoptionsC"]}]}},"_links":{"self":[{"href":"https:\/\/www.fxoptions.com\/de\/wp-json\/wp\/v2\/pages\/720","targetHints":{"allow":["GET"]}}],"collection":[{"href":"https:\/\/www.fxoptions.com\/de\/wp-json\/wp\/v2\/pages"}],"about":[{"href":"https:\/\/www.fxoptions.com\/de\/wp-json\/wp\/v2\/types\/page"}],"author":[{"embeddable":true,"href":"https:\/\/www.fxoptions.com\/de\/wp-json\/wp\/v2\/users\/1"}],"replies":[{"embeddable":true,"href":"https:\/\/www.fxoptions.com\/de\/wp-json\/wp\/v2\/comments?post=720"}],"version-history":[{"count":0,"href":"https:\/\/www.fxoptions.com\/de\/wp-json\/wp\/v2\/pages\/720\/revisions"}],"wp:attachment":[{"href":"https:\/\/www.fxoptions.com\/de\/wp-json\/wp\/v2\/media?parent=720"}],"curies":[{"name":"wp","href":"https:\/\/api.w.org\/{rel}","templated":true}]}}