{"id":616,"date":"2021-02-09T01:17:47","date_gmt":"2021-02-09T01:17:47","guid":{"rendered":"https:\/\/www.fxoptions.com\/?page_id=616"},"modified":"2021-12-03T19:32:29","modified_gmt":"2021-12-03T19:32:29","slug":"stil-option","status":"publish","type":"page","link":"https:\/\/www.fxoptions.com\/de\/stil-option\/","title":{"rendered":"Fx-Optionsstile"},"content":{"rendered":"\n<p>Die unterschiedlichen Begriffe Stil und <a href=\"https:\/\/fxoptions.com\/de\/arten-von-forex-optionen\/\">Typ einer Option<\/a> k\u00f6nnen schnell verwechselt werden.\u00a0Was ist eigentlich der Stil einer Option? <a href=\"https:\/\/www.duden.de\/synonyme\/Stil\" target=\"_blank\" rel=\"noreferrer noopener\">Duden.de<\/a> listet die nachfolgenden Synonyme auf: <em>Art, Weise<\/em>. Lassen Sie uns gemeinsam betrachten, was man unter dem <strong>Stil einer Fx-Option<\/strong> versteht. <\/p>\n\n\n\n<div style=\"height:20px\" aria-hidden=\"true\" class=\"wp-block-spacer\"><\/div>\n\n\n\n<div style=\"position: relative; padding-top: 56.25%;\"><iframe src=\"https:\/\/iframe.mediadelivery.net\/embed\/17088\/adf73fa4-8ddd-4031-a04b-f3e935106fff?autoplay=false\" loading=\"lazy\" style=\"border: none; position: absolute; top: 0; height: 100%; width: 100%;\" allow=\"accelerometer; gyroscope; autoplay; encrypted-media; picture-in-picture;\" allowfullscreen=\"true\"><\/iframe><\/div>\n\n\n\n<div style=\"height:20px\" aria-hidden=\"true\" class=\"wp-block-spacer\"><\/div>\n\n\n\n<p><strong>Der Stil einer Option bestimmt wann eine Option ausge\u00fcbt werden kann.<\/strong><\/p>\n\n\n\n<p>Wir unterscheiden im Wesentlichen drei Stile bei Devisenoptionen:<\/p>\n\n\n\n<ul class=\"wp-block-list\"><li>Fx-Optionen nach europ\u00e4ischem Stil<\/li><li>Fx-Optionen nach amerikanischem Stil<\/li><li>Fx-Optionen im Bermuda-Stil<\/li><\/ul>\n\n\n\n<div style=\"height:20px\" aria-hidden=\"true\" class=\"wp-block-spacer\"><\/div>\n\n\n\n<h2 class=\"wp-block-heading\" id=\"h-unterschiede-zwischen-europ-ischem-und-amerikanischem-stil-einer-option\">Unterschiede zwischen Europ\u00e4ischem und Amerikanischem Stil einer Option<\/h2>\n\n\n\n<p><strong>Amerikanische Optionen<\/strong>&nbsp;beinhalten das Recht, die Optionen zu jedem Zeitpunkt bis zum Verfall aus\u00fcben zu d\u00fcrfen. <strong>Europ\u00e4ische Optionen<\/strong>&nbsp;d\u00fcrfen nur zum Laufzeitende ausge\u00fcbt werden.<\/p>\n\n\n\n<p>Aus diesem Grund haben Optionen amerikanischen Stils eine h\u00f6here Pr\u00e4mie als ihr Europ\u00e4isches Pendant, sofern die weiteren Parameter identisch sind. Der Grund ist relativ plausibel: Da wir im Geld liegende, amerikanische Optionen jederzeit aus\u00fcben k\u00f6nnen, erh\u00f6ht sich damit auch die Wahrscheinlichkeit eines Profits sowie dessen Erwartungswert. Dieser Vorteil hat einen h\u00f6heren Preis, auch da der Verk\u00e4ufer der Option ein h\u00f6heres Verlustrisiko eingeht.<\/p>\n\n\n\n<div class=\"wp-block-image\"><figure class=\"aligncenter\"><img loading=\"lazy\" decoding=\"async\" width=\"1024\" height=\"817\" src=\"https:\/\/fxoptions.com\/wp-content\/uploads\/2018\/12\/different-styles-1024x817.jpg\" alt=\"list of all styles\" class=\"wp-image-339\" srcset=\"https:\/\/www.fxoptions.com\/wp-content\/uploads\/2018\/12\/different-styles-1024x817.jpg 1024w, https:\/\/www.fxoptions.com\/wp-content\/uploads\/2018\/12\/different-styles-300x239.jpg 300w, https:\/\/www.fxoptions.com\/wp-content\/uploads\/2018\/12\/different-styles-768x612.jpg 768w, https:\/\/www.fxoptions.com\/wp-content\/uploads\/2018\/12\/different-styles.jpg 2000w\" sizes=\"auto, (max-width: 1024px) 100vw, 1024px\" \/><\/figure><\/div>\n\n\n\n<p>Der preisliche Unterschied zwischen amerikanischen und europ\u00e4ischen Optionen wird gemeinhin mit &#8222;Ameriplus&#8220; bezeichnet.<\/p>\n\n\n\n<p>Ganz so einfach ist es allerdings nicht. Falls wir das Optionsrecht wahrnehmen, verf\u00e4llt der gesamte restliche Zeitwert des Optionspreises. Generell ist der Zeitwert in der fr\u00fchen Phase des Lebenszyklus einer Option am h\u00f6chsten. Deshalb ist die Aus\u00fcbung in fr\u00fchem Stadium meist nur profitabel, falls wir bereits weit im Geld liegen.<\/p>\n\n\n\n<h2 class=\"wp-block-heading\" id=\"h-optionen-im-bermuda-stil-ein-hybrid\">Optionen im Bermuda-Stil &#8211; ein Hybrid<\/h2>\n\n\n\n<p>Es existiert ein dritter Optionsstil mit dem Namen Bermuda. Dieser fundiert auf einem hybriden Ansatz. Solche hybriden Handelskontrakte legen vorher fest, zu welchen Zeitpunkten ein Optionsrecht existiert.<\/p>\n\n\n\n<p>Gew\u00f6hnlich sind solche <strong>Bermuda-Optionen<\/strong> billiger als amerikanische Optionen und teurer als europ\u00e4ische. Sie bilden eine interessante Alternative f\u00fcr Investoren, die auf der Suche nach einem Kompromiss aus Preis und Flexibilit\u00e4t sind.<\/p>\n\n\n\n<div class=\"boxed\">\n<h2>Zusammenfassung Stile<\/h2>\n<p><strong>Was ist der Stil?<\/strong><br>Der Stil bestimmt, zu welchen Zeitpunkten ein Optionsrecht ausge\u00fcbt werden kann.<\/p>\n<p><strong>Welche Optionsstile existieren?<\/strong><br>Es gibt amerikanische und europ\u00e4ische Optionen. Ferner existieren sogenannte Bermuda-Optionen, bei denen es sich um Hybride handelt.<\/p>\n<\/div>\n","protected":false},"excerpt":{"rendered":"<p>Die unterschiedlichen Begriffe Stil und Typ einer Option k\u00f6nnen schnell verwechselt werden.\u00a0Was ist eigentlich der Stil einer Option? Duden.de listet die nachfolgenden Synonyme auf: Art, Weise. Lassen Sie uns gemeinsam betrachten, was man unter dem Stil einer Fx-Option versteht. Der Stil einer Option bestimmt wann eine Option ausge\u00fcbt werden kann. Wir unterscheiden im Wesentlichen drei &hellip;<\/p>\n","protected":false},"author":1,"featured_media":0,"parent":0,"menu_order":0,"comment_status":"closed","ping_status":"closed","template":"","meta":{"footnotes":""},"class_list":["post-616","page","type-page","status-publish","hentry"],"yoast_head":"<!-- This site is optimized with the Yoast SEO plugin v27.6 - https:\/\/yoast.com\/product\/yoast-seo-wordpress\/ -->\n<title>Arten und Stile von Optionen - FxOptions.com<\/title>\n<meta name=\"description\" content=\"Der Optionsstil bestimmt, wann eine Option ausge\u00fcbt werden darf. Wir unterscheiden zwischen Amerikanischen, Europ\u00e4ischen und Bermuda Optionen.\" \/>\n<meta name=\"robots\" content=\"index, follow, max-snippet:-1, max-image-preview:large, max-video-preview:-1\" \/>\n<link rel=\"canonical\" href=\"https:\/\/www.fxoptions.com\/de\/stil-option\/\" \/>\n<meta property=\"og:locale\" content=\"de_DE\" \/>\n<meta property=\"og:type\" content=\"article\" \/>\n<meta property=\"og:title\" content=\"Arten und Stile von Optionen - FxOptions.com\" \/>\n<meta property=\"og:description\" content=\"Der Optionsstil bestimmt, wann eine Option ausge\u00fcbt werden darf. Wir unterscheiden zwischen Amerikanischen, Europ\u00e4ischen und Bermuda Optionen.\" \/>\n<meta property=\"og:url\" content=\"https:\/\/www.fxoptions.com\/de\/stil-option\/\" \/>\n<meta property=\"og:site_name\" content=\"FxOptions.com\" \/>\n<meta property=\"article:publisher\" content=\"https:\/\/www.facebook.com\/FxOptionscom-376549599745563\/\" \/>\n<meta property=\"article:modified_time\" content=\"2021-12-03T19:32:29+00:00\" \/>\n<meta property=\"og:image\" content=\"https:\/\/fxoptions.com\/wp-content\/uploads\/2018\/12\/different-styles-1024x817.jpg\" \/>\n<meta name=\"twitter:card\" content=\"summary_large_image\" \/>\n<meta name=\"twitter:site\" content=\"@FxoptionsC\" \/>\n<meta name=\"twitter:label1\" content=\"Gesch\u00e4tzte Lesezeit\" \/>\n\t<meta name=\"twitter:data1\" content=\"2\u00a0Minuten\" \/>\n<script type=\"application\/ld+json\" class=\"yoast-schema-graph\">{\"@context\":\"https:\\\/\\\/schema.org\",\"@graph\":[{\"@type\":\"WebPage\",\"@id\":\"https:\\\/\\\/www.fxoptions.com\\\/de\\\/stil-option\\\/\",\"url\":\"https:\\\/\\\/www.fxoptions.com\\\/de\\\/stil-option\\\/\",\"name\":\"Arten und Stile von Optionen - FxOptions.com\",\"isPartOf\":{\"@id\":\"https:\\\/\\\/www.fxoptions.com\\\/de\\\/#website\"},\"primaryImageOfPage\":{\"@id\":\"https:\\\/\\\/www.fxoptions.com\\\/de\\\/stil-option\\\/#primaryimage\"},\"image\":{\"@id\":\"https:\\\/\\\/www.fxoptions.com\\\/de\\\/stil-option\\\/#primaryimage\"},\"thumbnailUrl\":\"https:\\\/\\\/fxoptions.com\\\/wp-content\\\/uploads\\\/2018\\\/12\\\/different-styles-1024x817.jpg\",\"datePublished\":\"2021-02-09T01:17:47+00:00\",\"dateModified\":\"2021-12-03T19:32:29+00:00\",\"description\":\"Der Optionsstil bestimmt, wann eine Option ausge\u00fcbt werden darf. Wir unterscheiden zwischen Amerikanischen, Europ\u00e4ischen und Bermuda Optionen.\",\"breadcrumb\":{\"@id\":\"https:\\\/\\\/www.fxoptions.com\\\/de\\\/stil-option\\\/#breadcrumb\"},\"inLanguage\":\"de\",\"potentialAction\":[{\"@type\":\"ReadAction\",\"target\":[\"https:\\\/\\\/www.fxoptions.com\\\/de\\\/stil-option\\\/\"]}]},{\"@type\":\"ImageObject\",\"inLanguage\":\"de\",\"@id\":\"https:\\\/\\\/www.fxoptions.com\\\/de\\\/stil-option\\\/#primaryimage\",\"url\":\"https:\\\/\\\/fxoptions.com\\\/wp-content\\\/uploads\\\/2018\\\/12\\\/different-styles-1024x817.jpg\",\"contentUrl\":\"https:\\\/\\\/fxoptions.com\\\/wp-content\\\/uploads\\\/2018\\\/12\\\/different-styles-1024x817.jpg\"},{\"@type\":\"BreadcrumbList\",\"@id\":\"https:\\\/\\\/www.fxoptions.com\\\/de\\\/stil-option\\\/#breadcrumb\",\"itemListElement\":[{\"@type\":\"ListItem\",\"position\":1,\"name\":\"Home\",\"item\":\"https:\\\/\\\/www.fxoptions.com\\\/de\\\/\"},{\"@type\":\"ListItem\",\"position\":2,\"name\":\"Fx-Optionsstile\"}]},{\"@type\":\"WebSite\",\"@id\":\"https:\\\/\\\/www.fxoptions.com\\\/de\\\/#website\",\"url\":\"https:\\\/\\\/www.fxoptions.com\\\/de\\\/\",\"name\":\"FxOptions.com\",\"description\":\"Options Trading Explained: News, Concepts, Strategies\",\"publisher\":{\"@id\":\"https:\\\/\\\/www.fxoptions.com\\\/de\\\/#organization\"},\"potentialAction\":[{\"@type\":\"SearchAction\",\"target\":{\"@type\":\"EntryPoint\",\"urlTemplate\":\"https:\\\/\\\/www.fxoptions.com\\\/de\\\/?s={search_term_string}\"},\"query-input\":{\"@type\":\"PropertyValueSpecification\",\"valueRequired\":true,\"valueName\":\"search_term_string\"}}],\"inLanguage\":\"de\"},{\"@type\":\"Organization\",\"@id\":\"https:\\\/\\\/www.fxoptions.com\\\/de\\\/#organization\",\"name\":\"Fx Options\",\"url\":\"https:\\\/\\\/www.fxoptions.com\\\/de\\\/\",\"logo\":{\"@type\":\"ImageObject\",\"inLanguage\":\"de\",\"@id\":\"https:\\\/\\\/www.fxoptions.com\\\/de\\\/#\\\/schema\\\/logo\\\/image\\\/\",\"url\":\"https:\\\/\\\/fxoptions.com\\\/wp-content\\\/uploads\\\/2018\\\/10\\\/logo.png\",\"contentUrl\":\"https:\\\/\\\/fxoptions.com\\\/wp-content\\\/uploads\\\/2018\\\/10\\\/logo.png\",\"width\":300,\"height\":65,\"caption\":\"Fx Options\"},\"image\":{\"@id\":\"https:\\\/\\\/www.fxoptions.com\\\/de\\\/#\\\/schema\\\/logo\\\/image\\\/\"},\"sameAs\":[\"https:\\\/\\\/www.facebook.com\\\/FxOptionscom-376549599745563\\\/\",\"https:\\\/\\\/x.com\\\/FxoptionsC\"]}]}<\/script>\n<!-- \/ Yoast SEO plugin. -->","yoast_head_json":{"title":"Arten und Stile von Optionen - FxOptions.com","description":"Der Optionsstil bestimmt, wann eine Option ausge\u00fcbt werden darf. Wir unterscheiden zwischen Amerikanischen, Europ\u00e4ischen und Bermuda Optionen.","robots":{"index":"index","follow":"follow","max-snippet":"max-snippet:-1","max-image-preview":"max-image-preview:large","max-video-preview":"max-video-preview:-1"},"canonical":"https:\/\/www.fxoptions.com\/de\/stil-option\/","og_locale":"de_DE","og_type":"article","og_title":"Arten und Stile von Optionen - FxOptions.com","og_description":"Der Optionsstil bestimmt, wann eine Option ausge\u00fcbt werden darf. Wir unterscheiden zwischen Amerikanischen, Europ\u00e4ischen und Bermuda Optionen.","og_url":"https:\/\/www.fxoptions.com\/de\/stil-option\/","og_site_name":"FxOptions.com","article_publisher":"https:\/\/www.facebook.com\/FxOptionscom-376549599745563\/","article_modified_time":"2021-12-03T19:32:29+00:00","og_image":[{"url":"https:\/\/fxoptions.com\/wp-content\/uploads\/2018\/12\/different-styles-1024x817.jpg","type":"","width":"","height":""}],"twitter_card":"summary_large_image","twitter_site":"@FxoptionsC","twitter_misc":{"Gesch\u00e4tzte Lesezeit":"2\u00a0Minuten"},"schema":{"@context":"https:\/\/schema.org","@graph":[{"@type":"WebPage","@id":"https:\/\/www.fxoptions.com\/de\/stil-option\/","url":"https:\/\/www.fxoptions.com\/de\/stil-option\/","name":"Arten und Stile von Optionen - FxOptions.com","isPartOf":{"@id":"https:\/\/www.fxoptions.com\/de\/#website"},"primaryImageOfPage":{"@id":"https:\/\/www.fxoptions.com\/de\/stil-option\/#primaryimage"},"image":{"@id":"https:\/\/www.fxoptions.com\/de\/stil-option\/#primaryimage"},"thumbnailUrl":"https:\/\/fxoptions.com\/wp-content\/uploads\/2018\/12\/different-styles-1024x817.jpg","datePublished":"2021-02-09T01:17:47+00:00","dateModified":"2021-12-03T19:32:29+00:00","description":"Der Optionsstil bestimmt, wann eine Option ausge\u00fcbt werden darf. Wir unterscheiden zwischen Amerikanischen, Europ\u00e4ischen und Bermuda Optionen.","breadcrumb":{"@id":"https:\/\/www.fxoptions.com\/de\/stil-option\/#breadcrumb"},"inLanguage":"de","potentialAction":[{"@type":"ReadAction","target":["https:\/\/www.fxoptions.com\/de\/stil-option\/"]}]},{"@type":"ImageObject","inLanguage":"de","@id":"https:\/\/www.fxoptions.com\/de\/stil-option\/#primaryimage","url":"https:\/\/fxoptions.com\/wp-content\/uploads\/2018\/12\/different-styles-1024x817.jpg","contentUrl":"https:\/\/fxoptions.com\/wp-content\/uploads\/2018\/12\/different-styles-1024x817.jpg"},{"@type":"BreadcrumbList","@id":"https:\/\/www.fxoptions.com\/de\/stil-option\/#breadcrumb","itemListElement":[{"@type":"ListItem","position":1,"name":"Home","item":"https:\/\/www.fxoptions.com\/de\/"},{"@type":"ListItem","position":2,"name":"Fx-Optionsstile"}]},{"@type":"WebSite","@id":"https:\/\/www.fxoptions.com\/de\/#website","url":"https:\/\/www.fxoptions.com\/de\/","name":"FxOptions.com","description":"Options Trading Explained: News, Concepts, Strategies","publisher":{"@id":"https:\/\/www.fxoptions.com\/de\/#organization"},"potentialAction":[{"@type":"SearchAction","target":{"@type":"EntryPoint","urlTemplate":"https:\/\/www.fxoptions.com\/de\/?s={search_term_string}"},"query-input":{"@type":"PropertyValueSpecification","valueRequired":true,"valueName":"search_term_string"}}],"inLanguage":"de"},{"@type":"Organization","@id":"https:\/\/www.fxoptions.com\/de\/#organization","name":"Fx Options","url":"https:\/\/www.fxoptions.com\/de\/","logo":{"@type":"ImageObject","inLanguage":"de","@id":"https:\/\/www.fxoptions.com\/de\/#\/schema\/logo\/image\/","url":"https:\/\/fxoptions.com\/wp-content\/uploads\/2018\/10\/logo.png","contentUrl":"https:\/\/fxoptions.com\/wp-content\/uploads\/2018\/10\/logo.png","width":300,"height":65,"caption":"Fx Options"},"image":{"@id":"https:\/\/www.fxoptions.com\/de\/#\/schema\/logo\/image\/"},"sameAs":["https:\/\/www.facebook.com\/FxOptionscom-376549599745563\/","https:\/\/x.com\/FxoptionsC"]}]}},"_links":{"self":[{"href":"https:\/\/www.fxoptions.com\/de\/wp-json\/wp\/v2\/pages\/616","targetHints":{"allow":["GET"]}}],"collection":[{"href":"https:\/\/www.fxoptions.com\/de\/wp-json\/wp\/v2\/pages"}],"about":[{"href":"https:\/\/www.fxoptions.com\/de\/wp-json\/wp\/v2\/types\/page"}],"author":[{"embeddable":true,"href":"https:\/\/www.fxoptions.com\/de\/wp-json\/wp\/v2\/users\/1"}],"replies":[{"embeddable":true,"href":"https:\/\/www.fxoptions.com\/de\/wp-json\/wp\/v2\/comments?post=616"}],"version-history":[{"count":0,"href":"https:\/\/www.fxoptions.com\/de\/wp-json\/wp\/v2\/pages\/616\/revisions"}],"wp:attachment":[{"href":"https:\/\/www.fxoptions.com\/de\/wp-json\/wp\/v2\/media?parent=616"}],"curies":[{"name":"wp","href":"https:\/\/api.w.org\/{rel}","templated":true}]}}